{"id":4533,"date":"2026-04-14T06:44:01","date_gmt":"2026-04-14T06:44:01","guid":{"rendered":"https:\/\/sinsinvalid.org\/10-principios\/"},"modified":"2026-04-14T08:33:05","modified_gmt":"2026-04-14T08:33:05","slug":"10-principios","status":"publish","type":"page","link":"https:\/\/sinsinvalid.org\/es\/10-principios\/","title":{"rendered":"10 Principios"},"content":{"rendered":"<p>[et_pb_section fb_built=\u00bb1&#8243; _builder_version=\u00bb4.27.6&#8243; _module_preset=\u00bbdefault\u00bb custom_padding=\u00bb50px||0px||false|false\u00bb hover_enabled=\u00bb0&#8243; global_colors_info=\u00bb{}\u00bb sticky_enabled=\u00bb0&#8243; background_color=\u00bb#000000&#8243;][et_pb_row _builder_version=\u00bb4.27.4&#8243; _module_preset=\u00bbdefault\u00bb global_colors_info=\u00bb{}\u00bb][et_pb_column type=\u00bb4_4&#8243; _builder_version=\u00bb4.27.4&#8243; _module_preset=\u00bbdefault\u00bb global_colors_info=\u00bb{}\u00bb][et_pb_text _builder_version=\u00bb4.27.6&#8243; _module_preset=\u00bbdefault\u00bb header_text_color=\u00bb#FAFAFA\u00bb header_font_size=\u00bb55px\u00bb header_line_height=\u00bb0.9em\u00bb header_2_text_color=\u00bb#FAFAFA\u00bb header_2_font_size=\u00bb55px\u00bb header_2_line_height=\u00bb0.9em\u00bb header_font_size_tablet=\u00bb55px\u00bb header_font_size_phone=\u00bb40px\u00bb header_font_size_last_edited=\u00bbon|phone\u00bb header_2_font_size_tablet=\u00bb55px\u00bb header_2_font_size_phone=\u00bb40px\u00bb header_2_font_size_last_edited=\u00bbon|phone\u00bb global_colors_info=\u00bb{}\u00bb]<\/p>\n<h1 style=\"text-align: center;\"><span style=\"font-weight: 400;\">Herbal Hopecore: Plant Friendship for Sick, Disabled, and Mad People<\/span><\/h1>\n<p>[\/et_pb_text][\/et_pb_column][\/et_pb_row][et_pb_row column_structure=\u00bb1_2,1_2&#8243; use_custom_gutter=\u00bbon\u00bb gutter_width=\u00bb2&#8243; make_equal=\u00bbon\u00bb _builder_version=\u00bb4.27.4&#8243; _module_preset=\u00bbdefault\u00bb width=\u00bb87%\u00bb min_height=\u00bb1024.7px\u00bb custom_margin=\u00bb14px|auto||auto||\u00bb custom_padding=\u00bb||0px|||\u00bb global_colors_info=\u00bb{}\u00bb][et_pb_column type=\u00bb1_2&#8243; _builder_version=\u00bb4.25.1&#8243; _module_preset=\u00bbdefault\u00bb custom_css_main_element=\u00bbmargin:auto;\u00bb global_colors_info=\u00bb{}\u00bb][et_pb_image src=\u00bbhttps:\/\/sinsinvalid.org\/wp-content\/uploads\/2026\/03\/Untitled_Artwork-138.png\u00bb alt=\u00bbA pastel-colored graphic with a soft botanical background filled with small leaves and herbs in cream, pale purple, yellow, and light pink tones. Loose black pencil-style herbs are sketched across the design.<br \/>\nAt the top, a black small rectangle reads \u201cSins Invalid\u201d in white letters. Beneath it, a lilac frame with black text reads: \u201cHerbal Hopecore: Plant Friendship for Sick, Disabled and Mad People\u201d followed by a small black heart. Below that, a green cloud-shaped text bubble reads: \u201ca workshop with Cyr\u00e9e Jarelle Johnson.\u201d In the lower left corner there is a purple flower with glowing white line details and small green leaves.<br \/>\nOn the right side, a brown rectangle reads: \u201cAvailable in ASL, English &amp; Spanish, with English and Spanish CART.\u201d Along the bottom edge, the event details read: Tuesday, March 31, 2026 11 AM \u2013 1 PM PT, 2 PM \u2013 4 PM ET.     \u00bb title_text=\u00bbHerbal Hopecore Flyer\u00bb _builder_version=\u00bb4.27.6&#8243; _module_preset=\u00bbdefault\u00bb width=\u00bb100%\u00bb module_alignment=\u00bbleft\u00bb min_height=\u00bb1000px\u00bb max_height=\u00bb1000px\u00bb custom_margin=\u00bb0px||40px||false|false\u00bb global_colors_info=\u00bb{}\u00bb][\/et_pb_image][et_pb_text _builder_version=\u00bb4.27.6&#8243; _module_preset=\u00bbdefault\u00bb width=\u00bb100%\u00bb module_alignment=\u00bbright\u00bb global_colors_info=\u00bb{}\u00bb]<\/p>\n<p><span style=\"color: #ffffff; font-size: large;\">Image Description: A pastel-colored graphic with a soft botanical background filled with small leaves and herbs in cream, pale purple, yellow, and light pink tones. Loose black pencil-style herbs are sketched across the design. At the top, a black small rectangle reads \u201cSins Invalid\u201d in white letters. Beneath it, a lilac frame with black text reads: \u201cHerbal Hopecore: Plant Friendship for Sick, Disabled and Mad People\u201d followed by a small black heart. Below that, a green cloud-shaped text bubble reads: \u201ca workshop with Cyr\u00e9e Jarelle Johnson.\u201d In the lower left corner there is a purple flower with glowing white line details and small green leaves.<br \/>On the right side, a brown rectangle reads: \u201cAvailable in ASL, English &amp; Spanish, with English and Spanish CART.\u201d Along the bottom edge, the event details read: Tuesday, March 31, 2026 11 AM \u2013 1 PM PT, 2 PM \u2013 4 PM ET.      <br \/><\/span><span style=\"color: #ffffff; font-size: large;\"><\/span><\/p>\n<p><span style=\"color: #ffffff; font-size: large;\"><\/span><\/p>\n<p>[\/et_pb_text][\/et_pb_column][et_pb_column type=\u00bb1_2&#8243; _builder_version=\u00bb4.27.4&#8243; _module_preset=\u00bbdefault\u00bb global_colors_info=\u00bb{}\u00bb][et_pb_text disabled_on=\u00bbon|on|on\u00bb _builder_version=\u00bb4.25.1&#8243; _module_preset=\u00bbdefault\u00bb text_text_color=\u00bb#FAFAFA\u00bb text_font_size=\u00bb18px\u00bb text_orientation=\u00bbcenter\u00bb disabled=\u00bbon\u00bb locked=\u00bboff\u00bb global_colors_info=\u00bb{}\u00bb]<\/p>\n<p>Visual Description: xxxxxxx<\/p>\n<p>[\/et_pb_text][et_pb_text _builder_version=\u00bb4.27.4&#8243; _module_preset=\u00bbdefault\u00bb text_text_color=\u00bb#FAFAFA\u00bb text_font_size=\u00bb18px\u00bb text_line_height=\u00bb1.5em\u00bb min_height=\u00bb538.7px\u00bb custom_margin=\u00bb20px||||false|false\u00bb custom_padding=\u00bb||0px|35px||\u00bb link_option_url=\u00bbhttps:\/\/drive.google.com\/file\/d\/1y3LJvdK4J5E74S-P34cWmvesaRH0iH2c\/view?usp=share_link\u00bb locked=\u00bboff\u00bb global_colors_info=\u00bb{}\u00bb]<\/p>\n<p><span style=\"font-weight: 400;\">We are so excited to announce our first program offering of 2026: <\/span><span style=\"font-weight: 400;\">Herbal Hopecore: Plant Friendship for Sick, Disabled, and Mad People, a workshop with Cyr\u00e9e Johnson. <\/span> <span style=\"font-weight: 400;\">Please read the workshop description below and sign up via the link in our bio! There are only 40 spots available: <\/span><br \/><span style=\"font-weight: 400;\"><\/span><\/p>\n<p><span style=\"font-weight: 400;\">\u00bfAlguna vez has o\u00eddo a un herbolario, profesor de yoga, tarotista u otro experto en bienestar decir algo del tipo \u00absi tomas medicaci\u00f3n, no est\u00e1s activando tu poder interior para la curaci\u00f3n y la plenitud bla bla bla blahhhhh\u00bb, y te has quedado como qu\u00e9 co\u00f1o(!) est\u00e1s diciendo? \u00bfPor qu\u00e9 hablas?  <\/span><\/p>\n<p><span style=\"font-weight: 400;\">\u00bfAh, s\u00ed? A m\u00ed tambi\u00e9n. As\u00ed que llev\u00e9 mi cuerpo\/mente de discapacitada negra a la escuela de herborister\u00eda, segu\u00ed saliendo con\/siendo amiga de plantas que -como mis amigos humanos- tienen un mont\u00f3n de talentos muy chulos e interesantes.   En este taller de dos horas, celebraremos las plantas, especialmente las que son resistentes, fr\u00e1giles y m\u00e1gicas.  <\/span><\/p>\n<p><span style=\"font-weight: 400;\">We\u2019ll discuss ways to work with herbs internally, externally, and in ways that transcend those simple binaries. Even if you\u2019re not interested in working with herbs internally, even if you\u2019re concerned about potential interactions with your meds (which is totally legit!) you can still come to build more intuitive and solidarity-centered connections with our plant neighbors and relations. <\/span><\/p>\n<p><span style=\"font-weight: 400;\"><\/span><\/p>\n<p>[\/et_pb_text][et_pb_button button_url=\u00bbhttps:\/\/www.videoask.com\/f3266x8s7&#8243; url_new_window=\u00bbon\u00bb button_text=\u00bbSign up in ASL\u00bb button_alignment=\u00bbcenter\u00bb _builder_version=\u00bb4.27.6&#8243; _module_preset=\u00bbdefault\u00bb global_colors_info=\u00bb{}\u00bb][\/et_pb_button][et_pb_button button_url=\u00bbhttps:\/\/sinsinvalid.typeform.com\/HerbalHopecore\u00bb url_new_window=\u00bbon\u00bb button_text=\u00bbSign up in English\u00bb button_alignment=\u00bbcenter\u00bb _builder_version=\u00bb4.27.6&#8243; _module_preset=\u00bbdefault\u00bb global_colors_info=\u00bb{}\u00bb][\/et_pb_button][et_pb_video src=\u00bbhttps:\/\/youtube.com\/shorts\/RQVTen0LNfE\u00bb play_icon_color=\u00bbRGBA(255,255,255,0)\u00bb thumbnail_overlay_color=\u00bbRGBA(255,255,255,0)\u00bb _builder_version=\u00bb4.27.6&#8243; _module_preset=\u00bbdefault\u00bb width=\u00bb49%\u00bb max_width=\u00bb39%\u00bb max_width_tablet=\u00bb54%\u00bb max_width_phone=\u00bb100%\u00bb max_width_last_edited=\u00bbon|tablet\u00bb module_alignment=\u00bbcenter\u00bb min_height=\u00bb594px\u00bb custom_margin=\u00bb40px||||false|false\u00bb locked=\u00bboff\u00bb global_colors_info=\u00bb{}\u00bb][\/et_pb_video][\/et_pb_column][\/et_pb_row][\/et_pb_section][et_pb_section fb_built=\u00bb1&#8243; _builder_version=\u00bb4.27.6&#8243; _module_preset=\u00bbdefault\u00bb min_height=\u00bb693.4px\u00bb custom_padding=\u00bb50px||0px||false|false\u00bb hover_enabled=\u00bb0&#8243; global_colors_info=\u00bb{}\u00bb disabled_on=\u00bboff|off|off\u00bb sticky_enabled=\u00bb0&#8243;][et_pb_row column_structure=\u00bb1_2,1_2&#8243; use_custom_gutter=\u00bbon\u00bb gutter_width=\u00bb2&#8243; make_equal=\u00bbon\u00bb _builder_version=\u00bb4.25.1&#8243; _module_preset=\u00bbdefault\u00bb global_colors_info=\u00bb{}\u00bb][et_pb_column type=\u00bb1_2&#8243; _builder_version=\u00bb4.25.1&#8243; _module_preset=\u00bbdefault\u00bb custom_css_main_element=\u00bbmargin:auto;\u00bb global_colors_info=\u00bb{}\u00bb][et_pb_text _builder_version=\u00bb4.27.4&#8243; _module_preset=\u00bbdefault\u00bb header_text_color=\u00bb#FAFAFA\u00bb header_font_size=\u00bb55px\u00bb header_line_height=\u00bb0.9em\u00bb header_2_text_color=\u00bb#FAFAFA\u00bb header_2_font_size=\u00bb55px\u00bb header_2_line_height=\u00bb0.9em\u00bb header_font_size_tablet=\u00bb55px\u00bb header_font_size_phone=\u00bb40px\u00bb header_font_size_last_edited=\u00bbon|phone\u00bb header_2_font_size_tablet=\u00bb55px\u00bb header_2_font_size_phone=\u00bb40px\u00bb header_2_font_size_last_edited=\u00bbon|phone\u00bb global_colors_info=\u00bb{}\u00bb]<\/p>\n<h1>An Unshamed Claim to Beauty in the Face of Invisibility.<\/h1>\n<p>[\/et_pb_text][et_pb_text _builder_version=\u00bb4.27.0&#8243; _module_preset=\u00bbdefault\u00bb text_text_color=\u00bb#FAFAFA\u00bb text_font_size=\u00bb18px\u00bb text_line_height=\u00bb1.5em\u00bb locked=\u00bboff\u00bb global_colors_info=\u00bb{}\u00bb]Sins Invalid is committed to social and economic justice for all people with disabilities.<\/p>\n<p>Our stories lay a foundation for a collective claim of liberation, beauty, and human rights.[\/et_pb_text][\/et_pb_column][et_pb_column type=\u00bb1_2&#8243; _builder_version=\u00bb4.25.1&#8243; _module_preset=\u00bbdefault\u00bb custom_padding=\u00bb||||false|false\u00bb custom_padding_tablet=\u00bb40px||||false|false\u00bb custom_padding_phone=\u00bb40px||||false|false\u00bb custom_padding_last_edited=\u00bbon|tablet\u00bb global_colors_info=\u00bb{}\u00bb][et_pb_video src=\u00bbhttps:\/\/youtu.be\/i-TQzgyrENQ?si=y6kTLMOahpqliX5L\u00bb play_icon_color=\u00bbRGBA(255,255,255,0)\u00bb thumbnail_overlay_color=\u00bbRGBA(255,255,255,0)\u00bb _builder_version=\u00bb4.26.0&#8243; _module_preset=\u00bbdefault\u00bb max_width=\u00bb90%\u00bb max_width_tablet=\u00bb100%\u00bb max_width_phone=\u00bb100%\u00bb max_width_last_edited=\u00bbon|tablet\u00bb module_alignment=\u00bbright\u00bb locked=\u00bboff\u00bb global_colors_info=\u00bb{}\u00bb][\/et_pb_video][et_pb_text disabled_on=\u00bbon|on|on\u00bb _builder_version=\u00bb4.25.1&#8243; _module_preset=\u00bbdefault\u00bb text_text_color=\u00bb#FAFAFA\u00bb text_font_size=\u00bb18px\u00bb text_orientation=\u00bbcenter\u00bb disabled=\u00bbon\u00bb locked=\u00bboff\u00bb global_colors_info=\u00bb{}\u00bb]<\/p>\n<p>Visual Description: xxxxxxx<\/p>\n<p>[\/et_pb_text][\/et_pb_column][\/et_pb_row][\/et_pb_section]<\/p>\n","protected":false},"excerpt":{"rendered":"<p>Herbal Hopecore: Plant Friendship for Sick, Disabled, and Mad PeopleImage Description: A pastel-colored graphic with a soft botanical background filled with small leaves and herbs in cream, pale purple, yellow, and light pink tones. Loose black pencil-style herbs are sketched across the design. At the top, a black small rectangle reads \u201cSins Invalid\u201d in white [&hellip;]<\/p>\n","protected":false},"author":4,"featured_media":0,"parent":0,"menu_order":0,"comment_status":"closed","ping_status":"closed","template":"","meta":{"_et_pb_use_builder":"on","_et_pb_old_content":"","_et_gb_content_width":"","ngg_post_thumbnail":0,"footnotes":""},"class_list":["post-4533","page","type-page","status-publish","hentry"],"_links":{"self":[{"href":"https:\/\/sinsinvalid.org\/es\/wp-json\/wp\/v2\/pages\/4533","targetHints":{"allow":["GET"]}}],"collection":[{"href":"https:\/\/sinsinvalid.org\/es\/wp-json\/wp\/v2\/pages"}],"about":[{"href":"https:\/\/sinsinvalid.org\/es\/wp-json\/wp\/v2\/types\/page"}],"author":[{"embeddable":true,"href":"https:\/\/sinsinvalid.org\/es\/wp-json\/wp\/v2\/users\/4"}],"replies":[{"embeddable":true,"href":"https:\/\/sinsinvalid.org\/es\/wp-json\/wp\/v2\/comments?post=4533"}],"version-history":[{"count":4,"href":"https:\/\/sinsinvalid.org\/es\/wp-json\/wp\/v2\/pages\/4533\/revisions"}],"predecessor-version":[{"id":4545,"href":"https:\/\/sinsinvalid.org\/es\/wp-json\/wp\/v2\/pages\/4533\/revisions\/4545"}],"wp:attachment":[{"href":"https:\/\/sinsinvalid.org\/es\/wp-json\/wp\/v2\/media?parent=4533"}],"curies":[{"name":"wp","href":"https:\/\/api.w.org\/{rel}","templated":true}]}}