{"id":1959,"date":"2024-07-18T08:05:39","date_gmt":"2024-07-18T08:05:39","guid":{"rendered":"https:\/\/sinsinvalid.org\/sobre-nuestro-lenguaje\/"},"modified":"2025-09-08T23:17:57","modified_gmt":"2025-09-08T23:17:57","slug":"sobre-nuestro-lenguaje","status":"publish","type":"page","link":"https:\/\/sinsinvalid.org\/es\/sobre-nuestro-lenguaje\/","title":{"rendered":"Sobre nuestro lenguaje"},"content":{"rendered":"<p>[et_pb_section fb_built=\u00bb1&#8243; _builder_version=\u00bb4.27.0&#8243; _module_preset=\u00bbdefault\u00bb custom_padding=\u00bb0px||0px||false|false\u00bb locked=\u00bboff\u00bb global_colors_info=\u00bb{}\u00bb][et_pb_row _builder_version=\u00bb4.25.1&#8243; _module_preset=\u00bbdefault\u00bb global_colors_info=\u00bb{}\u00bb][et_pb_column type=\u00bb4_4&#8243; _builder_version=\u00bb4.25.1&#8243; _module_preset=\u00bbdefault\u00bb global_colors_info=\u00bb{}\u00bb][et_pb_text _builder_version=\u00bb4.27.0&#8243; _module_preset=\u00bbdefault\u00bb header_text_align=\u00bbcenter\u00bb header_text_color=\u00bb#FAFAFA\u00bb header_font_size=\u00bb65px\u00bb header_2_text_color=\u00bb#FAFAFA\u00bb header_2_font_size=\u00bb55px\u00bb header_2_line_height=\u00bb0.9em\u00bb header_font_size_tablet=\u00bb55px\u00bb header_font_size_phone=\u00bb40px\u00bb header_font_size_last_edited=\u00bbon|phone\u00bb header_2_font_size_tablet=\u00bb55px\u00bb header_2_font_size_phone=\u00bb40px\u00bb header_2_font_size_last_edited=\u00bbon|phone\u00bb locked=\u00bboff\u00bb global_colors_info=\u00bb{}\u00bb]<\/p>\n<h1>Sobre nuestro lenguaje<\/h1>\n<p>[\/et_pb_text][\/et_pb_column][\/et_pb_row][\/et_pb_section][et_pb_section fb_built=\u00bb1&#8243; custom_padding_last_edited=\u00bbon|phone\u00bb _builder_version=\u00bb4.27.0&#8243; _module_preset=\u00bbdefault\u00bb custom_padding=\u00bb20px||50px||false|false\u00bb custom_padding_tablet=\u00bb0px||||false|false\u00bb custom_padding_phone=\u00bb0px||50px||false|false\u00bb locked=\u00bboff\u00bb global_colors_info=\u00bb{}\u00bb][et_pb_row column_structure=\u00bb1_2,1_2&#8243; use_custom_gutter=\u00bbon\u00bb gutter_width=\u00bb2&#8243; make_equal=\u00bbon\u00bb custom_padding_last_edited=\u00bbon|phone\u00bb _builder_version=\u00bb4.27.0&#8243; _module_preset=\u00bbdefault\u00bb custom_padding_tablet=\u00bb|||20px|false|false\u00bb custom_padding_phone=\u00bb|||0px|false|false\u00bb global_colors_info=\u00bb{}\u00bb text_text_color=\u00bb#FAFAFA\u00bb text_font_size=\u00bb18px\u00bb text_line_height=\u00bb1.5em\u00bb custom_padding=\u00bb|||20px|false|false\u00bb][et_pb_column type=\u00bb1_2&#8243; _builder_version=\u00bb4.25.1&#8243; _module_preset=\u00bbdefault\u00bb custom_css_main_element=\u00bbmargin:auto;\u00bb global_colors_info=\u00bb{}\u00bb][et_pb_text _builder_version=\u00bb4.27.0&#8243; _module_preset=\u00bbdefault\u00bb text_text_color=\u00bb#FAFAFA\u00bb text_font_size=\u00bb18px\u00bb text_line_height=\u00bb1.5em\u00bb custom_padding=\u00bb|||20px|false|false\u00bb custom_padding_tablet=\u00bb|||20px|false|false\u00bb custom_padding_phone=\u00bb|||0px|false|false\u00bb custom_padding_last_edited=\u00bbon|phone\u00bb hover_enabled=\u00bb0&#8243; text_orientation_tablet=\u00bbcenter\u00bb text_orientation_phone=\u00bbcenter\u00bb text_orientation_last_edited=\u00bboff|tablet\u00bb locked=\u00bboff\u00bb global_colors_info=\u00bb{}\u00bb sticky_enabled=\u00bb0&#8243;]Sins Invalid reclama el t\u00e9rmino \u201cdisca\u201d como fuente de poder, valent\u00eda, y conexi\u00f3n con nuestros propios cuerpos y nuestra comunidad disca.\u00a0[\/et_pb_text][et_pb_text _builder_version=\u00bb4.27.0&#8243; _module_preset=\u00bbdefault\u00bb text_text_color=\u00bb#FAFAFA\u00bb text_font_size=\u00bb18px\u00bb text_line_height=\u00bb1.5em\u00bb custom_padding=\u00bb|||20px|false|false\u00bb custom_padding_tablet=\u00bb|||20px|false|false\u00bb custom_padding_phone=\u00bb|||0px|false|false\u00bb custom_padding_last_edited=\u00bbon|phone\u00bb locked=\u00bboff\u00bb global_colors_info=\u00bb{}\u00bb]En espa\u00f1ol, usamos la terminaci\u00f3n \u201ce\u201d en vez de la tradicional \u201ca\u201d u \u201co\u201d. Rechazamos el uso generalizado de los pronombres masculinos para referirnos a toda la humanidad. Rechazamos la idea de que todas las personas deben identificarse como \u201chombre\u201d o \u201cmujer\u201d sin tomar en cuenta las muchas otras posibilidades de identificaci\u00f3n o no identificaci\u00f3n con relaci\u00f3n al g\u00e9nero. Celebramos el derecho de todes a la autodeterminaci\u00f3n.[\/et_pb_text][\/et_pb_column][et_pb_column type=\u00bb1_2&#8243; _builder_version=\u00bb4.25.1&#8243; _module_preset=\u00bbdefault\u00bb custom_padding=\u00bb||||false|false\u00bb custom_padding_tablet=\u00bb40px||||false|false\u00bb custom_padding_phone=\u00bb40px||||false|false\u00bb custom_padding_last_edited=\u00bbon|tablet\u00bb global_colors_info=\u00bb{}\u00bb][et_pb_video src=\u00bbhttps:\/\/youtu.be\/OTE42livhQg?si=JO3FGkisz4IpuLh6&#8243; image_src=\u00bbhttps:\/\/sinsinvalid.org\/wp-content\/uploads\/2024\/05\/brown-mock-up1-.png\u00bb play_icon_color=\u00bbRGBA(255,255,255,0)\u00bb thumbnail_overlay_color=\u00bbRGBA(255,255,255,0)\u00bb _builder_version=\u00bb4.26.0&#8243; _module_preset=\u00bbdefault\u00bb max_width=\u00bb90%\u00bb max_width_tablet=\u00bb100%\u00bb max_width_phone=\u00bb100%\u00bb max_width_last_edited=\u00bbon|tablet\u00bb module_alignment=\u00bbright\u00bb locked=\u00bboff\u00bb global_colors_info=\u00bb{}\u00bb][\/et_pb_video][et_pb_text disabled_on=\u00bbon|on|on\u00bb _builder_version=\u00bb4.25.1&#8243; _module_preset=\u00bbdefault\u00bb text_text_color=\u00bb#FAFAFA\u00bb text_font_size=\u00bb18px\u00bb text_orientation=\u00bbcenter\u00bb disabled=\u00bbon\u00bb locked=\u00bboff\u00bb global_colors_info=\u00bb{}\u00bb]<\/p>\n<p>Visual Description: xxxxxxx<\/p>\n<p>[\/et_pb_text][\/et_pb_column][\/et_pb_row][\/et_pb_section]<\/p>\n","protected":false},"excerpt":{"rendered":"<p>Sobre nuestro lenguajeSins Invalid reclama el t\u00e9rmino \u201cdisca\u201d como fuente de poder, valent\u00eda, y conexi\u00f3n con nuestros propios cuerpos y nuestra comunidad disca.\u00a0En espa\u00f1ol, usamos la terminaci\u00f3n \u201ce\u201d en vez de la tradicional \u201ca\u201d u \u201co\u201d. Rechazamos el uso generalizado de los pronombres masculinos para referirnos a toda la humanidad. Rechazamos la idea de que [&hellip;]<\/p>\n","protected":false},"author":4,"featured_media":0,"parent":0,"menu_order":0,"comment_status":"closed","ping_status":"closed","template":"","meta":{"_et_pb_use_builder":"on","_et_pb_old_content":"","_et_gb_content_width":"","ngg_post_thumbnail":0,"footnotes":""},"class_list":["post-1959","page","type-page","status-publish","hentry"],"_links":{"self":[{"href":"https:\/\/sinsinvalid.org\/es\/wp-json\/wp\/v2\/pages\/1959","targetHints":{"allow":["GET"]}}],"collection":[{"href":"https:\/\/sinsinvalid.org\/es\/wp-json\/wp\/v2\/pages"}],"about":[{"href":"https:\/\/sinsinvalid.org\/es\/wp-json\/wp\/v2\/types\/page"}],"author":[{"embeddable":true,"href":"https:\/\/sinsinvalid.org\/es\/wp-json\/wp\/v2\/users\/4"}],"replies":[{"embeddable":true,"href":"https:\/\/sinsinvalid.org\/es\/wp-json\/wp\/v2\/comments?post=1959"}],"version-history":[{"count":8,"href":"https:\/\/sinsinvalid.org\/es\/wp-json\/wp\/v2\/pages\/1959\/revisions"}],"predecessor-version":[{"id":4423,"href":"https:\/\/sinsinvalid.org\/es\/wp-json\/wp\/v2\/pages\/1959\/revisions\/4423"}],"wp:attachment":[{"href":"https:\/\/sinsinvalid.org\/es\/wp-json\/wp\/v2\/media?parent=1959"}],"curies":[{"name":"wp","href":"https:\/\/api.w.org\/{rel}","templated":true}]}}