{"id":1895,"date":"2024-06-15T14:07:27","date_gmt":"2024-06-15T14:07:27","guid":{"rendered":"https:\/\/sinsinvalid.org\/justicia-de-discapacidad-para-palestina\/"},"modified":"2025-03-15T11:47:36","modified_gmt":"2025-03-15T11:47:36","slug":"justicia-de-discapacidad-para-palestina","status":"publish","type":"page","link":"https:\/\/sinsinvalid.org\/es\/justicia-de-discapacidad-para-palestina\/","title":{"rendered":"Justicia de discapacidad para Palestina"},"content":{"rendered":"<p>[et_pb_section fb_built=\u00bb1&#8243; _builder_version=\u00bb4.25.1&#8243; _module_preset=\u00bbdefault\u00bb custom_padding=\u00bb0px||||false|false\u00bb locked=\u00bboff\u00bb global_colors_info=\u00bb{}\u00bb][et_pb_row column_structure=\u00bb2_5,3_5&#8243; custom_padding_last_edited=\u00bboff|desktop\u00bb _builder_version=\u00bb4.25.1&#8243; _module_preset=\u00bbdefault\u00bb custom_padding=\u00bb||0px||false|false\u00bb custom_padding_phone=\u00bb||14px||false|false\u00bb global_colors_info=\u00bb{}\u00bb][et_pb_column type=\u00bb2_5&#8243; _builder_version=\u00bb4.25.1&#8243; _module_preset=\u00bbdefault\u00bb global_colors_info=\u00bb{}\u00bb][et_pb_video src=\u00bbhttps:\/\/youtu.be\/W_j2gj2KcDk?si=1xe4eQCqNmQjSOCu\u00bb _builder_version=\u00bb4.26.0&#8243; _module_preset=\u00bbdefault\u00bb custom_margin=\u00bb||15px||false|false\u00bb global_colors_info=\u00bb{}\u00bb][\/et_pb_video][et_pb_text _builder_version=\u00bb4.27.0&#8243; _module_preset=\u00bbdefault\u00bb text_text_color=\u00bb#FAFAFA\u00bb text_font_size=\u00bb18px\u00bb locked=\u00bboff\u00bb global_colors_info=\u00bb{}\u00bb][Descripci\u00f3n de imagen: Un dibujo de una mujer negra en silla de ruedas con el uniforme naranja de la c\u00e1rcel, extiende su mano y toma la  de una mujer vestida de blanco sentada contra una pared con un hiyab, cuyo brazo y pierna terminan sin mano o pie, y est\u00e1n envueltos en vendas. A trav\u00e9s de un marco de ventana vac\u00edo se ven un avi\u00f3n y explosiones. El texto dice: \u00abLa justicia de discapacidad significa resistir juntes desde celdas solitarias hasta c\u00e1rceles al aire libre. Existir es resistir \u201d. Imagen de Micah Bazant &#038; Sins Invalid][\/et_pb_text][\/et_pb_column][et_pb_column type=\u00bb3_5&#8243; _builder_version=\u00bb4.25.1&#8243; _module_preset=\u00bbdefault\u00bb global_colors_info=\u00bb{}\u00bb][et_pb_heading title=\u00bb@ET-DC@eyJkeW5hbWljIjp0cnVlLCJjb250ZW50IjoicG9zdF90aXRsZSIsInNldHRpbmdzIjp7ImJlZm9yZSI6IiIsImFmdGVyIjoiIn19@\u00bb _builder_version=\u00bb4.27.4&#8243; _module_preset=\u00bbdefault\u00bb _dynamic_attributes=\u00bbtitle\u00bb hover_enabled=\u00bb0&#8243; sticky_enabled=\u00bb0&#8243; title_text_color=\u00bb#FAFAFA\u00bb title_font_size=\u00bb45px\u00bb title_line_height=\u00bb1.1em\u00bb title_font_size_last_edited=\u00bbon|desktop\u00bb title_font_size_tablet=\u00bb40px\u00bb title_font_size_phone=\u00bb30px\u00bb locked=\u00bboff\u00bb][\/et_pb_heading][et_pb_text _builder_version=\u00bb4.26.0&#8243; _module_preset=\u00bbdefault\u00bb text_text_color=\u00bb#FAFAFA\u00bb text_font_size=\u00bb18px\u00bb custom_margin=\u00bb0px||||false|false\u00bb custom_padding=\u00bb0px||||false|false\u00bb locked=\u00bboff\u00bb global_colors_info=\u00bb{}\u00bb]Esta declaraci\u00f3n fue publicada el 6 de agosto del 2014 durante un bombardeo militar a Gaza por parte de las Fuerzas de Ocupaci\u00f3n Israel\u00edes (IOF por sus siglas en ingl\u00e9s), el cual dur\u00f3 50 d\u00edas, mat\u00f3 a m\u00e1s de 2,200 civiles, hiri\u00f3 a aproximadamente 11,000 personas y destruy\u00f3 m\u00e1s de 20,000 hogares. En ese entonces ten\u00edamos programado el estreno de un nuevo documental que presentar\u00edamos en el Vancouver Queer Film Festival (Festival de Cine Cuir de Vancouver), donde nos invitaron a participar como presentadores destacades. Sin embargo, nos enteramos de que el festival hab\u00eda aceptado publicidad de una organizaci\u00f3n conocida por el \u00ablavado rosa\u00bb, es decir, promov\u00edan el respeto del gobierno israel\u00ed hacia las personas homosexuales, buscando minimizar la importancia de la ocupaci\u00f3n y el asesinato masivo del pueblo palestino.<\/p>\n<p>En ese momento, nuestra organizaci\u00f3n estaba compuesta por muchas personas racializadas con v\u00ednculos cercanos a la violencia genocida y por varias personas jud\u00edas. Espec\u00edficamente, hab\u00eda dos voces dentro del n\u00facleo del equipo de Sins Invalid para quienes la conversaci\u00f3n ten\u00eda un peso particular, una persona musulmana SWANA (asi\u00e1tica del suroeste\/norafricana; SWANA por sus siglas en ingl\u00e9s) y una persona jud\u00eda racializada. Su compromiso personal llev\u00f3 al grupo a realizar acciones concretas basadas en nuestros lineamientos pol\u00edticos. Durante un par de semanas, noche tras noche, hablamos, lloramos y pensamos en estrategias, y nos dimos cuenta de que nuestra conciencia no nos permitir\u00eda seguir con el plan de asistir al festival. Fue entonces que publicamos esta declaraci\u00f3n, junto con un video de \u00abJusticia de discapacidad para Palestina\u00bb y el cartel \u00abExistir es resistir\u00bb, para expresar nuestra solidaridad. Ahora, lo presentamos aqu\u00ed con el fin de documentar esa historia y para dar continuidad a nuestro compromiso:<\/p>\n<p>Sins Invalid es un proyecto de performance basado en la justicia de discapacidad que pone en el centro de su trabajo y liderazgo a artistas racializades discapacitades y artistas discapacitades cuir \/ no binaries. Nuestro trabajo celebra la humanidad er\u00f3tica y encarnada de las personas discapacitadas, entendiendo que todos los cuerpos viven en una multitud de contextos sociales, pol\u00edticos, econ\u00f3micos y culturales muy reales.<\/p>\n<p>No podemos separar la sexualidad de las personas con discapacidad y nuestro derecho a la conexi\u00f3n humana y a expresar nuestra sexualidad, del derecho de todas las personas a contar con acceso a alimentos, agua, refugio, medicinas, respiro, soberan\u00eda y paz. Est\u00e1bamos orgulloses de nuestro trabajo y nos entusiasmaba gestionar  la curadur\u00eda de una noche de pel\u00edculas y conversaci\u00f3n para el Vancouver Queer Film Festival (VQFF por sus siglas en ingl\u00e9s), lo cual inclu\u00eda tambi\u00e9n la proyecci\u00f3n de nuestro documental sobre nuestras piezas de performance. Para nosotres era una oportunidad valiosa el poder compartir nuestro trabajo con un p\u00fablico diferente.<\/p>\n<p>Sin embargo, nos enoj\u00f3 y decepcion\u00f3 ver el anuncio impreso, aprobado por el VQFF, tratando de retratar al Estado de Israel como amigo de las comunidades LGBTQ, particularmente considerando el contexto actual, donde la gente de Palestina est\u00e1 viviendo un infierno y el n\u00famero de muertes diarias es abrumador. Reconocemos que dichos anuncios son parte de un esfuerzo global para hacer un \u00ablavado rosa\u00bb a la imagen de Israel y as\u00ed, convencer a las personas LGBTQ en otros pa\u00edses, de que los privilegios que disfrutan les israel\u00edes cuir son suficientes para guardar silencio ante el trato inhumano hacia les palestines de todas las orientaciones.<\/p>\n<p>La sociedad civil palestina ha pedido al mundo ejercer presi\u00f3n pol\u00edtica y persuadir moralmente a la sociedad israel\u00ed a trav\u00e9s de herramientas no violentas, tales como el boicot, la desinversi\u00f3n y las sanciones; nosotres estamos respondiendo a ese llamado.<\/p>\n<p>Mientras escribimos estas palabras, el ej\u00e9rcito israel\u00ed sigue matando a decenas de civiles palestines todos los d\u00edas en Gaza, incluides palestines cuir. El ej\u00e9rcito israel\u00ed est\u00e1 discapacitando a miles de personas al bombardear hospitales, disparar contra ambulancias y destruir las instalaciones de rehabilitaci\u00f3n de discapacidad. De les miles de herides de este nuevo asalto, muches quedar\u00e1n discapacitades permanentemente en un lugar donde las necesidades b\u00e1sicas de la vida diaria se detienen en la frontera y donde la medicina b\u00e1sica, y a\u00fan m\u00e1s, la atenci\u00f3n m\u00e9dica adecuada, fisioterapia y tecnolog\u00eda adaptativa, est\u00e1n fuera de su alcance. Estes palestines que recientemente se volvieron discapacitades han sido descrites por algunas personas como una \u00abcarga\u00bb para la sociedad palestina. En realidad, estes son les palestines cuyos cuerpos viven m\u00e1s directamente los efectos de la ocupaci\u00f3n y del estado de violencia y que, de la forma m\u00e1s obvia, portan las cicatrices de esa violencia.<\/p>\n<p>Como resultado del anuncio, hemos decidido retirarnos del programa y no proyectar nuestra pel\u00edcula, Sins Invalid, en el Vancouver Queer Film Festival. Lo proyectaremos en una locaci\u00f3n alternativa en Vancouver el lunes 18 de agosto a las 7 pm PST. Todos los boletos comprados para el programa del VQFF ser\u00e1n v\u00e1lidos en nuestro evento alternativo. Urgimos al festival a considerar que el problema no es su falta de lineamientos para la publicidad, sino su falta de voluntad para reconocer el colonialismo y la violenta ocupaci\u00f3n de Palestina.<\/p>\n<p>Incitamos a les asistentes al festival a que nos apoyen pidiendo al Vancouver Queer Film Festival que, en el futuro, rechace el financiamiento de asociaciones que hacen \u00ablavado rosa\u00bb y que se solidaricen con todos los pueblos cuir y no binaries, dondequiera que vivan.[\/et_pb_text][\/et_pb_column][\/et_pb_row][\/et_pb_section]<\/p>\n","protected":false},"excerpt":{"rendered":"<p>[Descripci\u00f3n de imagen: Un dibujo de una mujer negra en silla de ruedas con el uniforme naranja de la c\u00e1rcel, extiende su mano y toma la de una mujer vestida de blanco sentada contra una pared con un hiyab, cuyo brazo y pierna terminan sin mano o pie, y est\u00e1n envueltos en vendas. A trav\u00e9s [&hellip;]<\/p>\n","protected":false},"author":4,"featured_media":0,"parent":0,"menu_order":0,"comment_status":"closed","ping_status":"closed","template":"","meta":{"_et_pb_use_builder":"on","_et_pb_old_content":"","_et_gb_content_width":"","ngg_post_thumbnail":0,"footnotes":""},"class_list":["post-1895","page","type-page","status-publish","hentry"],"_links":{"self":[{"href":"https:\/\/sinsinvalid.org\/es\/wp-json\/wp\/v2\/pages\/1895","targetHints":{"allow":["GET"]}}],"collection":[{"href":"https:\/\/sinsinvalid.org\/es\/wp-json\/wp\/v2\/pages"}],"about":[{"href":"https:\/\/sinsinvalid.org\/es\/wp-json\/wp\/v2\/types\/page"}],"author":[{"embeddable":true,"href":"https:\/\/sinsinvalid.org\/es\/wp-json\/wp\/v2\/users\/4"}],"replies":[{"embeddable":true,"href":"https:\/\/sinsinvalid.org\/es\/wp-json\/wp\/v2\/comments?post=1895"}],"version-history":[{"count":8,"href":"https:\/\/sinsinvalid.org\/es\/wp-json\/wp\/v2\/pages\/1895\/revisions"}],"predecessor-version":[{"id":4028,"href":"https:\/\/sinsinvalid.org\/es\/wp-json\/wp\/v2\/pages\/1895\/revisions\/4028"}],"wp:attachment":[{"href":"https:\/\/sinsinvalid.org\/es\/wp-json\/wp\/v2\/media?parent=1895"}],"curies":[{"name":"wp","href":"https:\/\/api.w.org\/{rel}","templated":true}]}}