{"id":1417,"date":"2024-06-15T10:40:01","date_gmt":"2024-06-15T10:40:01","guid":{"rendered":"https:\/\/sinsinvalid.org\/sugerencias-de-acceso-para-eventos-publicos\/"},"modified":"2025-03-15T11:55:47","modified_gmt":"2025-03-15T11:55:47","slug":"sugerencias-de-acceso-para-eventos-publicos","status":"publish","type":"page","link":"https:\/\/sinsinvalid.org\/es\/sugerencias-de-acceso-para-eventos-publicos\/","title":{"rendered":"Sugerencias de acceso para eventos p\u00fablicos"},"content":{"rendered":"<p>[et_pb_section fb_built=\u00bb1&#8243; _builder_version=\u00bb4.25.1&#8243; _module_preset=\u00bbdefault\u00bb custom_padding=\u00bb0px||||false|false\u00bb locked=\u00bboff\u00bb global_colors_info=\u00bb{}\u00bb][et_pb_row column_structure=\u00bb2_5,3_5&#8243; _builder_version=\u00bb4.25.1&#8243; _module_preset=\u00bbdefault\u00bb custom_padding=\u00bb||0px||false|false\u00bb global_colors_info=\u00bb{}\u00bb][et_pb_column type=\u00bb2_5&#8243; _builder_version=\u00bb4.25.1&#8243; _module_preset=\u00bbdefault\u00bb global_colors_info=\u00bb{}\u00bb][et_pb_video src=\u00bbhttps:\/\/youtu.be\/WH_8IqZ0a8c?si=cJo41VrIpv8XAF2I\u00bb _builder_version=\u00bb4.25.1&#8243; _module_preset=\u00bbdefault\u00bb locked=\u00bboff\u00bb global_colors_info=\u00bb{}\u00bb][\/et_pb_video][\/et_pb_column][et_pb_column type=\u00bb3_5&#8243; _builder_version=\u00bb4.25.1&#8243; _module_preset=\u00bbdefault\u00bb global_colors_info=\u00bb{}\u00bb][et_pb_heading title=\u00bb@ET-DC@eyJkeW5hbWljIjp0cnVlLCJjb250ZW50IjoicG9zdF90aXRsZSIsInNldHRpbmdzIjp7ImJlZm9yZSI6IiIsImFmdGVyIjoiIn19@\u00bb _builder_version=\u00bb4.27.4&#8243; _module_preset=\u00bbdefault\u00bb _dynamic_attributes=\u00bbtitle\u00bb hover_enabled=\u00bb0&#8243; sticky_enabled=\u00bb0&#8243; title_text_color=\u00bb#FAFAFA\u00bb title_font_size=\u00bb45px\u00bb title_line_height=\u00bb1.1em\u00bb title_font_size_last_edited=\u00bbon|desktop\u00bb title_font_size_tablet=\u00bb40px\u00bb title_font_size_phone=\u00bb30px\u00bb locked=\u00bboff\u00bb][\/et_pb_heading][et_pb_text _builder_version=\u00bb4.26.0&#8243; _module_preset=\u00bbdefault\u00bb text_text_color=\u00bb#FAFAFA\u00bb text_font_size=\u00bb18px\u00bb custom_margin=\u00bb0px||||false|false\u00bb custom_padding=\u00bb0px||||false|false\u00bb locked=\u00bboff\u00bb global_colors_info=\u00bb{}\u00bb]<\/p>\n<p>\u00bfQu\u00e9 har\u00e1 que su evento sea accesible y para qui\u00e9n? Hay muchas cosas que determinan qui\u00e9n acude a un evento y qui\u00e9n no como el tiempo libre, el dinero, el cuidado de ni\u00f1es, el transporte, la disponibilidad de int\u00e9rpretes, el acceso en silla de ruedas, el uso de fragancias, las opciones de comida, y m\u00e1s.<\/p>\n<p>Esta gu\u00eda pretende ayudar a organizadores a pensar en formas de incluir un espectro de personas (con y sin discapacidad) en su evento p\u00fablico. Por favor, tenga en cuenta que \u00a1estas sugerencias no son exhaustivas! Se espera que cada una de las pautas haga reflexionar a la gente sobre la multitud de barreras de acceso que existen en el mundo y sobre la mejor manera de eliminarlas para crear \u00abzonas liberadas\u00bb, es decir, zonas en las que no suframos constantemente la opresi\u00f3n de la discapacidad.<\/p>\n<p><span style=\"text-decoration: underline;\"><strong>Pautas generales sobre el acceso<\/strong><\/span><\/p>\n<p><strong>El acceso para todes les miembres de la comunidad requiere tiempo y compromiso.<\/strong><\/p>\n<p>Si queremos que nuestra reuni\u00f3n sea m\u00e1s accesible para m\u00e1s personas \u00a1pensemos con anticipaci\u00f3n! Al considerar estas cuestiones con tiempo tendremos m\u00e1s posibilidades de abordarlas. Recuerde que mejorar el acceso es siempre un trabajo en curso y que todes tenemos que empezar desde donde nos encontremos. Esperamos que les organizadores incorporen lo que puedan de estas sugerencias y que la pr\u00f3xima vez incorporen un poco m\u00e1s. As\u00ed es como crecemos juntes.<\/p>\n<p><strong>Vivimos en un mundo capitalista y capacitista.<\/strong><\/p>\n<p>Esto significa que, desgraciadamente, el acceso suele tener un precio. Las personas con discapacidad no deber\u00edan ser responsables de este costo. Si su organizaci\u00f3n cuenta con presupuesto, preste atenci\u00f3n a lo que se prioriza. Tenga en cuenta que algunas necesidades de acceso pueden ser costosas. As\u00ed que cree un plan para pedir apoyo financiero si es necesario, y encuentre formas creativas de hacer que las cosas funcionen.<\/p>\n<p><strong>Es importante no ponerse a la defensiva al recibir retroalimentaci\u00f3n.<\/strong><\/p>\n<p>A menudo reforzamos y reproducimos el capacitismo cuando intentamos no hacerlo. Pida disculpas y trabaje en buscar soluciones. La actitud defensiva crea barreras innecesarias. A veces las personas abandonan los movimientos o las comunidades o dejan de asistir a los eventos cuando se encuentran con una actitud defensiva, as\u00ed que por favor, sea receptive a la retroalimentaci\u00f3n y agradezca ese gesto como el regalo que es.<\/p>\n<p><strong>Incluya informaci\u00f3n sobre el acceso en el material promocional.<\/strong><\/p>\n<p>La informaci\u00f3n sobre el acceso es tan importante como la informaci\u00f3n sobre el costo de las entradas. Nuestro material promocional debe indicar qu\u00e9 necesidades de acceso se han tenido en cuenta (por ejemplo, interpretaci\u00f3n del lenguaje de se\u00f1as estadounidense (ASL por sus siglas en ingl\u00e9s), acceso para sillas de ruedas, etc.) y pedir a la gente que escriba o llame para preguntar sobre preocupaciones espec\u00edficas de accesibilidad. \u00a1Preguntar a la gente qu\u00e9 necesita para participar es un excelente punto de partida!<\/p>\n<p><strong>Todo el mundo tiene necesidades de acceso y se puede hablar de ellas sin verg\u00fcenza.<\/strong><\/p>\n<p>Est\u00e1 bien, por ejemplo, verbalizar la necesidad de contar con un calentador que funcione bien o un lugar de reuni\u00f3n cercano al transporte p\u00fablico. Practicar la expresi\u00f3n de nuestras propias necesidades de acceso aumenta la probabilidad de que se satisfagan nuestras necesidades.<\/p>\n<p><strong>El apoyo al acceso puede ser compartido.<\/strong><\/p>\n<p>Aunque algunas necesidades de acceso, como la interpretaci\u00f3n de ASL, pueden requerir de alguien que tenga habilidades espec\u00edficas, otras formas de apoyo al acceso pueden hacerse de forma colectiva. Por ejemplo, se puede compartir la toma de notas o la preparaci\u00f3n de platos de comida por turnos. Pensemos en nuestras propias necesidades y, al mismo tiempo, en c\u00f3mo podemos ayudar a les dem\u00e1s con las suyas.<\/p>\n<p><strong>Designar un Comit\u00e9 de Acceso.<\/strong><\/p>\n<p>Designe tambi\u00e9n al menos une o dos coordinadores de acceso para atender las necesidades del evento. Entre m\u00e1s grande el grupo de asistentes, m\u00e1s importante ser\u00e1 esto, ya que es m\u00e1s dif\u00edcil satisfacer las necesidades de todes a medida que van surgiendo. Cuente con voluntaries designades que puedan resolver problemas y encontrar formas creativas de responder a los desaf\u00edos que surjan.<\/p>\n<p><strong>Intente evitar aislar a las personas discapacitadas de nuestras amistades y comunidades.<\/strong><\/p>\n<p>Si hay una secci\u00f3n de asientos accesibles asuma que no s\u00f3lo las personas con discapacidad querr\u00e1n sentarse all\u00ed, sino tambi\u00e9n nuestras amistades. Si hay un servicio de transporte o una van para ayudar a las personas discapacitadas a ir de un sitio a otro, asuma que probablemente estaremos en un grupo y es posible que haya m\u00e1s de una persona que usa silla de ruedas. Procure que el plan de acceso no se base en la suposici\u00f3n de que s\u00f3lo una persona necesitar\u00e1 acomodaci\u00f3n. Si el espacio es limitado, tal vez se pueda pedir a la gente que identifique el tama\u00f1o de su grupo con antelaci\u00f3n.<\/p>\n<p><strong>Cuente con personas discapacitadas en el equipo organizador.<\/strong><\/p>\n<p>Esto hace que la accesibilidad sea un proceso m\u00e1s org\u00e1nico; permite identificar los posibles retos desde el principio y cambiar la idea de que las personas discapacitadas son s\u00f3lo receptoras de acomodaciones. Las personas discapacitadas pueden crear accesibilidad entre s\u00ed.<\/p>\n<p><strong>Reflexionar sobre nuestras propias necesidades de acceso.<\/strong><\/p>\n<p>Aunque nunca nos hayamos considerado discapacitades podemos pensar en nuestras propias necesidades de acceso y en c\u00f3mo afectan a nuestra experiencia de los acontecimientos. Podemos utilizar nuestro conocimiento vital como pistas de lo que podr\u00eda ser un apoyo para les dem\u00e1s.<\/p>\n<p><strong>Mantener la compasi\u00f3n por nosotres mismes y por todas las personas en el proceso.<\/strong><\/p>\n<p>A veces, incluso con la mejor planificaci\u00f3n, algunas necesidades de acceso quedan insatisfechas. Un poco de humildad es muy \u00fatil al enfrentar la frustraci\u00f3n que genera el capacitismo.<\/p>\n<p><span style=\"text-decoration: underline;\"><strong>Elementos de acceso espec\u00edficos a tener en cuenta<\/strong><\/span><\/p>\n<p><strong>Difusi\u00f3n comunitaria<\/strong><\/p>\n<p>\u00bfC\u00f3mo se va a enterar la gente de nuestros eventos o reuniones? Algunas personas responden mejor a lo visual, otras al texto, otras al audio y otras a las interacciones cara a cara. El correo electr\u00f3nico y Facebook son \u00fatiles, pero tal vez podamos incorporar \u00e1rboles telef\u00f3nicos, mensajes de texto e invitaciones cara a cara. Les organizadores deben planificar la inclusi\u00f3n de una secci\u00f3n completa en sus materiales de divulgaci\u00f3n sobre el acceso, e invitar a la gente a que se comunique con elles con cualquier pregunta adicional.<\/p>\n<p><strong>Materiales escritos<\/strong><\/p>\n<p>Para la accesibilidad visual, utilice fuentes sencillas de palo seco (como Arial o Helvetica) con un tama\u00f1o de al menos 14 puntos, tinta negra en papel blanco mate. Tambi\u00e9n hay fuentes que son espec\u00edficamente m\u00e1s f\u00e1ciles de leer para las personas disl\u00e9xicas y neurodiversas como OpenDyslexic y Comic Sans. Cree versiones en letra grande (16 puntos o m\u00e1s) y en Braille de los programas o folletos que puedan estar disponibles a petici\u00f3n. En el caso de los textos a color, aseg\u00farese de que el texto y el fondo tengan un alto valor de contraste en lugar de utilizar colores brillantes de igual intensidad (para comprobar el contraste, puede cambiarlo a escala de grises y vea si todav\u00eda puede leerlo). Tenga en cuenta que los programas de lectura de texto no son capaces de leer algunos PDF as\u00ed que ponga versiones en l\u00ednea de los materiales que son de texto \u00fanicamente.<\/p>\n<p><strong>Descripciones de im\u00e1genes<\/strong><\/p>\n<p>Los programas de lectura de texto no pueden leer las im\u00e1genes as\u00ed que aseg\u00farese de crear descripciones de im\u00e1genes para todas las fotos, dibujos o gr\u00e1ficos de la comunicaci\u00f3n en l\u00ednea. \u00c9stas pueden incluirse con el resto del texto, entre corchetes con la etiqueta [Descripci\u00f3n de la imagen]. Muchas plataformas tienen la opci\u00f3n de \u00abTexto Alt\u00bb, que son descripciones breves que los lectores de texto captan. Si est\u00e1 haciendo una presentaci\u00f3n en Power Point o otro tipo de presentaci\u00f3n con elementos visuales, describa todas las im\u00e1genes verbalmente para les participantes. Las descripciones de las im\u00e1genes pueden incluir la composici\u00f3n, el estilo, los colores, el n\u00famero y la apariencia de las personas, los estilos de ropa, las emociones, el entorno y la colocaci\u00f3n y transcripci\u00f3n del texto.<\/p>\n<p><strong>Audiodescripci\u00f3n<\/strong><\/p>\n<p>Les audiodescriptores narran lo que ocurre en un espect\u00e1culo, una pel\u00edcula o una obra de arte para personas ciegas o con discapacidad visual. Hay audiodescriptores capacitades que pueden ser contratades para realizar la descripci\u00f3n de eventos. Si no hay une audiodescriptore capacitade disponible, busque a alguien para describir la acci\u00f3n sin comentarios, a fin de proporcionar una descripci\u00f3n informal.<\/p>\n<p><strong>ASL y CART<\/strong><\/p>\n<p>Establecer relaciones con la comunidad sorda requiere tiempo e intenci\u00f3n. Gestione la interpretaci\u00f3n al ASL y\/o subt\u00edtulos en vivo (CART por sus siglas en ingl\u00e9s) e incluya esa informaci\u00f3n en todo el material promocional. Es estupendo contar con ambos; mientras que el ASL puede transmitir m\u00e1s matices y sentimientos, el CART capta lo que se dice por texto y puede ser \u00fatil para las personas que procesan mejor la informaci\u00f3n por escrito, o para las personas sordas que no conocen el lenguaje de se\u00f1as o a las que se les ha negado sistem\u00e1ticamente el acceso al conocimiento de su propia lengua. Obtenga recomendaciones para asegurar que la comunidad conf\u00ede en les int\u00e9rpretes y subtituladores, y proporci\u00f3neles la mayor cantidad de material posible por adelantado, incluida la ortograf\u00eda de los nombres. El ASL y el CART son habilidades que requieren mucha formaci\u00f3n, as\u00ed que incl\u00fayelo en el presupuesto como un gasto previsto.<\/p>\n<p><strong>Micr\u00f3fonos<\/strong><\/p>\n<p>Si van a haber m\u00e1s de 15 personas en una sala, haga planes para tener un micr\u00f3fono y un sistema de altavoces para que las personas con dificultades auditivas puedan darle seguimiento a lo que ocurre. Sabemos que los micr\u00f3fonos pueden ser intimidantes, pero tambi\u00e9n son muy \u00fatiles. Recuerde a les participantes que deben esperar a hablar hasta que el micr\u00f3fono est\u00e9 delante de elles y hablar directamente en \u00e9l.<\/p>\n<p><strong>Ba\u00f1os<\/strong><\/p>\n<p>La gente necesitar\u00e1 ir al ba\u00f1o durante el evento. Las personas trans y no binarias suelen ser acosadas o puestas en peligro cuando entran a los ba\u00f1os. Las personas con problemas de movilidad a menudo no pueden acceder a los ba\u00f1os debido a la arquitectura. Las personas con enfermedad ambiental pueden enfermarse por los jabones perfumados y los productos de limpieza que com\u00fanmente se encuentran en los ba\u00f1os. Si es posible, acuda al lugar del evento, vea el ba\u00f1o y hable con la administraci\u00f3n \u00bfHay un inodoro en un puesto m\u00e1s grande que est\u00e9 rebajado y\/o con una barra de agarre para las personas con dificultades de movilidad? Si no es as\u00ed, averigua si hay una tienda cercana con un ba\u00f1o accesible que permita a la gente utilizarlo, y\/o avise a la gente con antelaci\u00f3n al evento para que sepa que debe utilizar el ba\u00f1o en casa. Tome en cuenta tambi\u00e9n que para algunas personas la falta de ba\u00f1os accesibles significa que no podr\u00e1n asistir al evento. \u00bfHay un ba\u00f1o de g\u00e9nero neutro? Si no es as\u00ed, cuelgue un cartel en al menos un ba\u00f1o que diga \u00abG\u00e9nero neutro\u00bb o \u00abBa\u00f1o para todos los g\u00e9neros\u00bb. \u00bfEl lugar utiliza jabones y productos de limpieza sin perfume? Si no es as\u00ed, lleve jabones sin olor al evento (Dr. Bronners es estupendo) y ofrezca al lugar productos de limpieza sin fragancia para que los utilicen, preferiblemente desde una semana antes del evento.<\/p>\n<p><strong>Fragancias y productos qu\u00edmicos<\/strong><\/p>\n<p>Podemos hacer que los eventos sean m\u00e1s seguros para las personas con enfermedad ambiental pidiendo a la gente que acuda al evento sin fragancias. Esto significa evitar todos los productos perfumados antes del evento inclu\u00eddos los detergentes comerciales, el champ\u00fa, el jab\u00f3n, el perfume, los desodorantes, las lociones, los suavizantes, etc. Eval\u00fae el espacio con antelaci\u00f3n para asegurarse de que est\u00e9 libre de aromatizantes, jabones perfumados y otros productos con fragancia.<\/p>\n<p>Es muy dif\u00edcil poder asegurar un entorno 100% libre de fragancias. Sin embargo, puede ser \u00fatil crear una zona libre de aromas con filtros hepa y ventiladores que ayudan a limpiar la zona y no dejar que la gente se siente all\u00ed si no viene libre de fragancias. Existen varias gu\u00edas en l\u00ednea para ayudar a las personas a liberarse de las fragancias. Hay que saber que es un proceso que requiere cierto trabajo previo y as\u00ed poder ofrecer toda la informaci\u00f3n posible. Nos gusta el siguiente recurso porque es bastante sencillo y claro, con muchas opciones de productos sin olor: <span style=\"color: #ff6600;\"><a href=\"http:\/\/bit.ly\/being-fragrance-free\" target=\"_blank\" rel=\"noopener\" style=\"color: #ffa500;\">http:\/\/bit.ly\/being-fragrance-free<\/a><\/span> (sitio en ingl\u00e9s). Leah Lakshmi Piepzna-Samarasinha tambi\u00e9n tiene un gran art\u00edculo en ingl\u00e9s llamado \u00abFragrance Free Femme of Color Genius\u00bb (Genia femme racializada libre de fragancias) que se puede buscar en l\u00ednea.<\/p>\n<p><strong>Acceso para sillas de ruedas y otros accesos relacionados con la movilidad<\/strong><\/p>\n<p>Aunque todes hemos visto el peque\u00f1o s\u00edmbolo azul de la silla de ruedas eso no es de ayuda para determinar las necesidades de movilidad. Hay que tener en cuenta algunas cosas: \u00bfHay un ascensor que funcione? Aseg\u00farese de saber d\u00f3nde est\u00e1 y que sabe dirigir a la gente ah\u00ed. \u00bfHay escalones o una pendiente pronunciada en el edificio que pueda limitar el acceso? \u00bfHay alfombra? (Las alfombras pueden dificultar el acceso para las sillas de ruedas.) \u00bfA qu\u00e9 distancia est\u00e1 el punto A del punto B? D\u00edgale a la gente cu\u00e1ntos escalones hay, si est\u00e1n empinados y si hay una barandilla. Si hay puertas que se abren y cierran para entrar en el lugar \u00bfson pesadas? Si hay un timbre o zumbador, \u00bfqui\u00e9n podr\u00e1 alcanzarlo o no? Tambi\u00e9n puede ser \u00fatil informar sobre el terreno cercano al evento. \u00bfEst\u00e1 en la cima de una colina muy empinada? \u00bfHay un adoquinado o un paso elevado? \u00bfHay alguna grieta especialmente pronunciada en la acera con la que la gente pueda tropezar? Es mejor ser honeste y dejar que la gente decida no venir que hacer que la gente se presente y luego se vaya porque no es accesible.<\/p>\n<p><strong>Asientos<\/strong><br \/>\u00bfHay suficientes asientos para la gente? \u00bfHay sillas anchas y resistentes sin brazos para las personas gordas? \u00bfY sillas con brazos para las personas que necesitan ese apoyo para ponerse de pie? \u00bfHay espacios para que se sienten las personas en esc\u00faters o sillas de ruedas? \u00bfEl espacio permite que les usuaries de sillas de ruedas se sienten con sus amistades y compa\u00f1eres? \u00bfEs posible que las personas se sienten o se acuesten en el piso si lo necesitan?<\/p>\n<p><strong>Opciones de alimentaci\u00f3n<\/strong><\/p>\n<p>Si los alimentos forman parte de la reuni\u00f3n es importante tener opciones m\u00faltiples: vegetariana, vegana, rica en prote\u00ednas (incluida la carne), sin gluten, sin az\u00facar, etc. Invita a la gente a compartir sus alergias alimentarias o restricciones diet\u00e9ticas. Coloque los ingredientes en un lugar visible y l\u00e9alos en voz alta antes de servir. Si es posible, avise con antelaci\u00f3n si habr\u00e1 comida para el grupo o no, para que la gente pueda planear.<\/p>\n<p><strong>C\u00f3mo llegar, transporte y estacionamiento<\/strong><br \/>\u00bfC\u00f3mo llegar\u00e1 la gente? Si hay una lista para transporte compartido aseg\u00farese de que haya un espacio para comunicar las necesidades de acceso. \u00bfSe puede llegar en transporte p\u00fablico? Comparta las l\u00edneas espec\u00edficas de autob\u00fas o tren y los horarios. \u00bfSe est\u00e1 programando el evento dentro del horario de paratr\u00e1nsito y se avisa con suficiente antelaci\u00f3n para que la gente pueda gestionar el paratr\u00e1nsito u otros medios de transporte? Incluya la direcci\u00f3n del evento e indicaciones claras de c\u00f3mo llegar en sus materiales de divulgaci\u00f3n, incluidas las instrucciones para estacionarse. Coloque una se\u00f1alizaci\u00f3n clara en el evento que dirija a la gente a los espacios de estacionamiento, caminos, y entradas m\u00e1s accesibles, etc.<\/p>\n<p><strong>Iluminaci\u00f3n<\/strong><\/p>\n<p>La iluminaci\u00f3n fluorescente puede provocar dolores de cabeza, convulsiones y hacer que los espacios sean inaccesibles para las personas con discapacidades sensoriales o neurol\u00f3gicas. Considere la posibilidad de llevar l\u00e1mparas al espacio para crear una iluminaci\u00f3n m\u00e1s accesible. Recuerde tambi\u00e9n que la fotograf\u00eda con flash y las luces estrobosc\u00f3picas pueden provocar convulsiones. Informe a la gente con antelaci\u00f3n si habr\u00e1 luces intermitentes en una pel\u00edcula o actuaci\u00f3n y d\u00e9 instrucciones claras a les fot\u00f3grafes para que no utilicen flash.<\/p>\n<p><strong>Espacio tranquilo<\/strong><\/p>\n<p>Es \u00fatil disponer de un espacio de baja estimulaci\u00f3n donde la gente pueda ir si necesita alejarse de la acci\u00f3n. Designe un espacio en el que la gente pueda tomarse un descanso si se siente sobreestimulada o cansada y d\u00e9 instrucciones claras de c\u00f3mo y cu\u00e1ndo pueden acceder a \u00e9l.<\/p>\n<p><strong>Videoconferencia o transmisiones en vivo<\/strong><\/p>\n<p>A veces, incluso con todos sus esfuerzos para hacer que un espacio sea accesible, habr\u00e1 personas que no puedan llegar al evento en persona. Haga el esfuerzo de incluir a las personas mediante videoconferencias (Zoom es nuestra plataforma favorita actualmente) o transmisiones en vivo (Facebook Live es gratuito). Tambi\u00e9n puede contratar a personas que subtitulen las transmisiones en directo. \u00a1Aseg\u00farese de incluir un enlace para aquellas personas que lo necesiten!<\/p>\n<p><strong>Horarios y manejo del tiempo<\/strong><\/p>\n<p>Tenga en cuenta el tiempo. Es importante que la gente conozca el horario y que usted haga lo posible por cumplir con el plan (con flexibilidad). Las necesidades de atenci\u00f3n y procesamiento de informaci\u00f3n, el transporte preprogramado, el cuidado de les asistentes, el cuidado de ni\u00f1es y otros factores pueden afectar la capacidad de las personas para permanecer en el evento. \u00a1Nunca podemos dar por sentado que la gente pueda quedarse una hora m\u00e1s si se nos hace tarde! Si tiene que haber un cambio de horario h\u00e1gaselo saber a la gente con la mayor claridad posible.<\/p>\n<p><strong>Idioma<\/strong><\/p>\n<p>Todo el mundo se comunica de la manera que le resulta m\u00e1s familiar. Al invitar a la gente al evento o durante la conversaci\u00f3n piense en qui\u00e9n entender\u00e1 lo que se est\u00e1 expresando. \u00bfLas palabras que se utilizan son conocidas por la mayor\u00eda de les participantes? Explique los t\u00e9rminos. Consulte con la gente, idealmente con anticipaci\u00f3n: \u00bfse necesitan int\u00e9rpretes (por ejemplo, ASL, espa\u00f1ol, filipino, etc.) para les miembres de la comunidad que prefieren participar en un idioma distinto que lo(s) que se usa(n) en el evento?<\/p>\n<p><strong>Nombres, pronombres y actividades de registro de acceso<\/strong><\/p>\n<p>Si el grupo es lo suficientemente peque\u00f1o como para hacer una ronda completa, pida a las personas que compartan sus nombres, pronombres (si lo desean) y necesidades de acceso. (Si las personas no tienen necesidades espec\u00edficas que quieran compartir, inv\u00edteles a decir \u00abmis necesidades de acceso est\u00e1n cubiertas actualmente\u00bb). Si el grupo es grande, pida a les participantes que digan su nombre cuando hablen. Ofrezca gafetes e invite a la gente a escribir sus nombres y pronombres. No podemos suponer los pronombres que utiliza la gente (\u00e9l, ella, elle u otros pronombres no binarios) s\u00f3lo con la mirada. Del mismo modo, no podemos dar por sentado que las personas no tienen discapacidades s\u00f3lo porque as\u00ed lo asumamos. Ofrezca oportunidades para que las personas identifiquen sus necesidades de acceso y no espere que le revelen sus discapacidades o diagn\u00f3sticos.<\/p>\n<p><strong>Transparencia<\/strong><\/p>\n<p>Comparta informaci\u00f3n sobre las barreras restantes que conoce y mant\u00e9ngase abierte a la conversaci\u00f3n sobre el acceso a medida que vaya surgiendo m\u00e1s informaci\u00f3n.<\/p>\n<p>Como puede ver, este es un proceso en constante evoluci\u00f3n. Aprendemos y mejoramos a medida que avanzamos. \u00a1Los errores son oportunidades de crecimiento! Ahora es el momento de empezar a expandirse. Buena suerte y damos la bienvenida a reflexiones sobre el proceso.<\/p>\n<p>[\/et_pb_text][\/et_pb_column][\/et_pb_row][\/et_pb_section]<\/p>\n","protected":false},"excerpt":{"rendered":"<p>\u00bfQu\u00e9 har\u00e1 que su evento sea accesible y para qui\u00e9n? Hay muchas cosas que determinan qui\u00e9n acude a un evento y qui\u00e9n no como el tiempo libre, el dinero, el cuidado de ni\u00f1es, el transporte, la disponibilidad de int\u00e9rpretes, el acceso en silla de ruedas, el uso de fragancias, las opciones de comida, y m\u00e1s. [&hellip;]<\/p>\n","protected":false},"author":4,"featured_media":0,"parent":0,"menu_order":0,"comment_status":"closed","ping_status":"closed","template":"","meta":{"_et_pb_use_builder":"on","_et_pb_old_content":"","_et_gb_content_width":"","ngg_post_thumbnail":0,"footnotes":""},"class_list":["post-1417","page","type-page","status-publish","hentry"],"_links":{"self":[{"href":"https:\/\/sinsinvalid.org\/es\/wp-json\/wp\/v2\/pages\/1417","targetHints":{"allow":["GET"]}}],"collection":[{"href":"https:\/\/sinsinvalid.org\/es\/wp-json\/wp\/v2\/pages"}],"about":[{"href":"https:\/\/sinsinvalid.org\/es\/wp-json\/wp\/v2\/types\/page"}],"author":[{"embeddable":true,"href":"https:\/\/sinsinvalid.org\/es\/wp-json\/wp\/v2\/users\/4"}],"replies":[{"embeddable":true,"href":"https:\/\/sinsinvalid.org\/es\/wp-json\/wp\/v2\/comments?post=1417"}],"version-history":[{"count":9,"href":"https:\/\/sinsinvalid.org\/es\/wp-json\/wp\/v2\/pages\/1417\/revisions"}],"predecessor-version":[{"id":4040,"href":"https:\/\/sinsinvalid.org\/es\/wp-json\/wp\/v2\/pages\/1417\/revisions\/4040"}],"wp:attachment":[{"href":"https:\/\/sinsinvalid.org\/es\/wp-json\/wp\/v2\/media?parent=1417"}],"curies":[{"name":"wp","href":"https:\/\/api.w.org\/{rel}","templated":true}]}}