{"id":1411,"date":"2024-06-15T12:07:31","date_gmt":"2024-06-15T12:07:31","guid":{"rendered":"https:\/\/sinsinvalid.org\/la-justicia-de-discapacidad-es-justicia-climatica\/"},"modified":"2025-03-15T11:50:42","modified_gmt":"2025-03-15T11:50:42","slug":"la-justicia-de-discapacidad-es-justicia-climatica","status":"publish","type":"page","link":"https:\/\/sinsinvalid.org\/es\/la-justicia-de-discapacidad-es-justicia-climatica\/","title":{"rendered":"La justicia de discapacidad es justicia clim\u00e1tica"},"content":{"rendered":"<p>[et_pb_section fb_built=\u00bb1&#8243; _builder_version=\u00bb4.25.1&#8243; _module_preset=\u00bbdefault\u00bb custom_padding=\u00bb0px||||false|false\u00bb locked=\u00bboff\u00bb global_colors_info=\u00bb{}\u00bb][et_pb_row column_structure=\u00bb2_5,3_5&#8243; custom_padding_last_edited=\u00bboff|desktop\u00bb _builder_version=\u00bb4.25.1&#8243; _module_preset=\u00bbdefault\u00bb custom_padding=\u00bb||0px||false|false\u00bb custom_padding_phone=\u00bb||14px||false|false\u00bb global_colors_info=\u00bb{}\u00bb][et_pb_column type=\u00bb2_5&#8243; _builder_version=\u00bb4.25.1&#8243; _module_preset=\u00bbdefault\u00bb global_colors_info=\u00bb{}\u00bb][et_pb_video src=\u00bbhttps:\/\/youtu.be\/kUELgIV54LM?si=4Y8sSghFl-_XxiEb\u00bb _builder_version=\u00bb4.25.1&#8243; _module_preset=\u00bbdefault\u00bb global_colors_info=\u00bb{}\u00bb][\/et_pb_video][\/et_pb_column][et_pb_column type=\u00bb3_5&#8243; _builder_version=\u00bb4.25.1&#8243; _module_preset=\u00bbdefault\u00bb global_colors_info=\u00bb{}\u00bb][et_pb_heading title=\u00bb@ET-DC@eyJkeW5hbWljIjp0cnVlLCJjb250ZW50IjoicG9zdF90aXRsZSIsInNldHRpbmdzIjp7ImJlZm9yZSI6IiIsImFmdGVyIjoiIn19@\u00bb _builder_version=\u00bb4.27.4&#8243; _module_preset=\u00bbdefault\u00bb _dynamic_attributes=\u00bbtitle\u00bb hover_enabled=\u00bb0&#8243; sticky_enabled=\u00bb0&#8243; title_text_color=\u00bb#FAFAFA\u00bb title_font_size=\u00bb45px\u00bb title_line_height=\u00bb1.1em\u00bb title_font_size_last_edited=\u00bbon|desktop\u00bb title_font_size_tablet=\u00bb40px\u00bb title_font_size_phone=\u00bb30px\u00bb locked=\u00bboff\u00bb][\/et_pb_heading][et_pb_text _builder_version=\u00bb4.27.0&#8243; _module_preset=\u00bbdefault\u00bb text_text_color=\u00bb#FAFAFA\u00bb text_font_size=\u00bb18px\u00bb custom_margin=\u00bb0px||||false|false\u00bb custom_padding=\u00bb0px||||false|false\u00bb locked=\u00bboff\u00bb global_colors_info=\u00bb{}\u00bb]La justicia de discapacidad reconoce que todos los cuerpos son valiosos, contienen belleza y merecen cuidado. Esto se extiende a nuestros cuerpos comunitarios, a los cuerpos de nuestres parientes vegetales y animales, y a nuestro propio cuerpo planetario compartido, la tierra.<\/p>\n<p>El capitalismo, una econom\u00eda basada en la extracci\u00f3n, debilita la tierra. Una tierra debilitada, cuyos preciados recursos son violentamente arrebatados y utilizados como combustible para un consumo incesante, provoca y agrava condiciones discapacitantes para personas y comunidades. El capitalismo se basa en la mentira de que la discapacidad es individualmente tr\u00e1gica y colectivamente onerosa. Se regocija mientras el mundo que nos rodea muere. Mientras el mundo muere, las personas discapacitadas (crips) saben que nadie del mundo corporativo supremacista blanco capacitista vendr\u00e1 a salvarnos, incluso los gobiernos que compr\u00f3.<\/p>\n<p>A medida que las crisis clim\u00e1ticas se acercan r\u00e1pidamente a un punto de inflexi\u00f3n previamente impensable, las personas disca en todas partes est\u00e1n en grave peligro.<\/p>\n<p>Fuimos testigues de esto cuando \u201cpart\u00edculas\u201d en el aire de las ciudades empeoraron el asma e hicieron que la COVID-19 fuera m\u00e1s mortal. Fuimos testigues de esto cuando les profesionales de la salud mataron a les crips en lugar de evacuarles durante el hurac\u00e1n Katrina. Sabemos que estamos a un apag\u00f3n, a una \u201cevacuaci\u00f3n\u201d, a una guerra del abandono.  <\/p>\n<p>Es por esto que las personas discapacitadas debemos actuar juntas, en unidad transversal entre discapacidades, para asegurar un futuro que nos incluya y nos acoja como personas discapacitadas. Esta es la raz\u00f3n por la que las personas discapacitadas m\u00e1s marginadas entienden tan profundamente el capitalismo capacitista cis-heteropatriarcal colonial de asentamiento, ya que tenemos la mayor experiencia en enfrentar y resistir su violencia, incluso en el caos clim\u00e1tico. Es por eso que las Personas Discapacitadas Negras, Racializadas, Ind\u00edgenas, Queer, No binarias y Trans deben estar a la vanguardia de los movimientos de justicia clim\u00e1tica.<\/p>\n<p>La justicia de discapacidad insiste en que reconozcamos que todos nuestros cuerpos son esenciales para cualquier movimiento hacia la justicia. Con demasiada frecuencia en el capacitismo, somos testigues de personas que creen que algunos cuerpos son superiores a otros cuerpos y, en esta visi\u00f3n miope y violenta, creen que sus vidas son m\u00e1s valiosas que otras. Esta arrogancia t\u00edpicamente racializada es lo que sustenta el procesamiento acelerado de les refugiades ucranianes en contraste con les refugiades mexicanes, centroamericanes y haitianes que esperan en los centros de detenci\u00f3n sin acceso a una atenci\u00f3n m\u00e9dica segura. <\/p>\n<p>Nuestros amados y complejos cuerpos discapacitados negros, racializados, ind\u00edgenas, gordos, queer, no binarios y trans merecen tanto cuidados y ternura amorosa como cualquier otro cuerpo sobre la tierra. Las tierras marrones y verdes y las tierras deforestadas, las brisas frescas y limpias y el aire estancado y contaminado, los mares profundos sin luz y el arrecife de coral agonizante, todas las partes de nuestra debilitada y poderosa tierra merecen nuestro respeto y nuestro cuidado.<\/p>\n<p>Sins Invalid declara que nuestro entendimiento y nuestras pr\u00e1cticas de liberaci\u00f3n deben contener las complejidades de la experiencia de la discapacidad y el capacitismo racializado. Debemos abordar no solo la salud, no solo el respeto a la autonom\u00eda corporal, sino tambi\u00e9n la lucha por la justicia para todas las personas oprimidas y la tierra misma. Defendemos nuestra belleza colectiva, nuestra fuerza, nuestra sabidur\u00eda crip y nuestro amor mutuo a trav\u00e9s de futuras victorias y p\u00e9rdidas. Visualizamos el fin del fracking y la perforaci\u00f3n corporativos, incluso mientras lamentamos las innumerables desapariciones de especies afines. Sentimos alegr\u00eda al presenciar las flores brotar incluso a trav\u00e9s de nuestro duelo por los cielos rojos o negros. Que nos acojamos les unes a otres a trav\u00e9s de nuestras luchas y triunfos individuales, nuestras transiciones colectivas y m\u00e1s all\u00e1: porque esto es la justicia de discapacidad.[\/et_pb_text][\/et_pb_column][\/et_pb_row][\/et_pb_section]<\/p>\n","protected":false},"excerpt":{"rendered":"<p>La justicia de discapacidad reconoce que todos los cuerpos son valiosos, contienen belleza y merecen cuidado. Esto se extiende a nuestros cuerpos comunitarios, a los cuerpos de nuestres parientes vegetales y animales, y a nuestro propio cuerpo planetario compartido, la tierra. El capitalismo, una econom\u00eda basada en la extracci\u00f3n, debilita la tierra. Una tierra debilitada, [&hellip;]<\/p>\n","protected":false},"author":4,"featured_media":0,"parent":0,"menu_order":0,"comment_status":"closed","ping_status":"closed","template":"","meta":{"_et_pb_use_builder":"on","_et_pb_old_content":"","_et_gb_content_width":"","ngg_post_thumbnail":0,"footnotes":""},"class_list":["post-1411","page","type-page","status-publish","hentry"],"_links":{"self":[{"href":"https:\/\/sinsinvalid.org\/es\/wp-json\/wp\/v2\/pages\/1411","targetHints":{"allow":["GET"]}}],"collection":[{"href":"https:\/\/sinsinvalid.org\/es\/wp-json\/wp\/v2\/pages"}],"about":[{"href":"https:\/\/sinsinvalid.org\/es\/wp-json\/wp\/v2\/types\/page"}],"author":[{"embeddable":true,"href":"https:\/\/sinsinvalid.org\/es\/wp-json\/wp\/v2\/users\/4"}],"replies":[{"embeddable":true,"href":"https:\/\/sinsinvalid.org\/es\/wp-json\/wp\/v2\/comments?post=1411"}],"version-history":[{"count":7,"href":"https:\/\/sinsinvalid.org\/es\/wp-json\/wp\/v2\/pages\/1411\/revisions"}],"predecessor-version":[{"id":4034,"href":"https:\/\/sinsinvalid.org\/es\/wp-json\/wp\/v2\/pages\/1411\/revisions\/4034"}],"wp:attachment":[{"href":"https:\/\/sinsinvalid.org\/es\/wp-json\/wp\/v2\/media?parent=1411"}],"curies":[{"name":"wp","href":"https:\/\/api.w.org\/{rel}","templated":true}]}}